{"id":283,"date":"2024-08-12T09:58:21","date_gmt":"2024-08-12T07:58:21","guid":{"rendered":"https:\/\/www.biyou.at\/?page_id=283"},"modified":"2026-03-06T07:33:40","modified_gmt":"2026-03-06T06:33:40","slug":"hotel","status":"publish","type":"page","link":"https:\/\/www.biyou.at\/en\/hotel\/","title":{"rendered":"Eco Holiday"},"content":{"rendered":"<div class=\"wp-block-group alignwide heading-text is-layout-flow wp-block-group-is-layout-flow\">\n<h1 class=\"wp-block-heading\" data-aos=\"fade\" data-aos-duration=\"1000\">Organic food and holidays. In harmony with nature.<br>Our philosophy. Our organic hotel in Schladming.<br><\/h1>\n\n\n\n<p class=\"has-text-align-left\" data-aos=\"fade\" data-aos-duration=\"1000\">Fresh air, breathtaking mountain panoramas, and plenty of nature to enjoy. That&#039;s Schladming-Dachstein. And our eco-district biYou is right in the heart of it all.<br>To do justice to this special place, an extraordinary hotel concept is also needed. That is exactly what you will find with us. Living in harmony with nature, learning from it and appreciating its diversity. These are values that we stand for as hosts and family, that we live every day in our yoga hotel and make tangible in many loving details. <br>PS: Good sleep is valuable and important. That&#039;s why we deactivate the WiFi between 11 p.m. and 7:30 a.m.<\/p>\n<\/div>\n\n\n\n<p><\/p>\n\n\n\n<div class=\"wp-block-group alignfull twocol-slider-text has-primary-color has-brown-background-color has-text-color has-background has-link-color wp-elements-b52a9ffb350956d2ea44762359bb709b has-global-padding is-layout-constrained wp-block-group-is-layout-constrained\" data-aos=\"fade-up\" data-aos-duration=\"1000\">\n<div class=\"wp-block-columns alignwide is-layout-flex wp-container-core-columns-is-layout-5a9be1e3 wp-block-columns-is-layout-flex\" style=\"padding-top:0;padding-bottom:0\">\n<div class=\"wp-block-column col-media is-layout-flow wp-block-column-is-layout-flow\" style=\"flex-basis:45%\"><script>\n    jQuery(function($) {\n\n        var $window = $(window),\n            flexslider = {\n                vars: {}\n            };\n\n\n        $('.slider-simple').flexslider({\n            animation: \"fade\",\n            animationLoop: true,\n            controlNav: true,\n            directionNav: false,\n            prevText: \"\",\n            nextText: \"\",\n            slideshowSpeed: 8000,\n            animationSpeed: 1200,\n            touch: true,\n            slideshow: true\n        });\n\n    });\n<\/script>\n\n<div class=\"slider-simple flexslider\">\n            <ul class=\"slides\">\n                            <li class=\"slide\"><img decoding=\"async\" src=\"https:\/\/www.biyou.at\/wp-content\/uploads\/2024\/09\/biyou-garten-gemuese-1000x1000.jpg\" alt=\"biyou Garten Gem\u00fcse\" width=\"1000\" height=\"1000\" loading=\"lazy\" \/><\/li>\n                    <\/ul>\n    <\/div><\/div>\n\n\n\n<div class=\"wp-block-column col-text is-layout-flow wp-block-column-is-layout-flow\">\n<h3 class=\"wp-block-heading has-text-align-left has-primary-color has-text-color has-link-color has-x-large-font-size wp-elements-55b7295371dcdf26b2920a95f6938e0b\">Sustainable holidays<\/h3>\n\n\n\n<p>Avoid plastic. Climate neutral. Our understanding of luxury means doing good for the body and mind. That&#039;s why we rely on sustainable principles. We always decide carefully what is needed and always include the manufacturing process in our considerations. Enjoy plastic-free, because our breakfast buffet comes without small packaging. Reduce plastic as much as possible. As a climate-neutral hotel, we rely on regional, such as organic food, heat with renewable energy, use green electricity and recycled products. For us, sustainability is a constant process to achieve the best for our guests and the environment.<\/p>\n<\/div>\n<\/div>\n<\/div>\n\n\n\n<div class=\"wp-block-group alignfull twocol-slider-text has-primary-color has-base-background-color has-text-color has-background has-link-color wp-elements-d7e0a7168f83c2dd599cbde9b7db49bd has-global-padding is-layout-constrained wp-block-group-is-layout-constrained\" id=\"bio\" data-aos=\"fade-up\" data-aos-duration=\"1000\">\n<div class=\"wp-block-columns alignwide is-layout-flex wp-container-core-columns-is-layout-5a9be1e3 wp-block-columns-is-layout-flex\" style=\"padding-top:0;padding-bottom:0\">\n<div class=\"wp-block-column col-text is-layout-flow wp-block-column-is-layout-flow\">\n<h3 class=\"wp-block-heading has-text-align-left has-x-large-font-size\">organic and regional holidays<\/h3>\n\n\n\n<p>We want the best for you and your body. Instead of a heavy meal in the evening, start your day with a hearty, nutritious breakfast in our breakfast and lounge area, &quot;Bistro Bergkristall,&quot; with its breathtaking mountain views. Enjoy homemade products, crunchy muesli, warm porridges, and regional specialties. While we focus on delicious food, we also want the best for the environment. Thanks to our comprehensive sustainability measures at biYou, our ecological footprint is just 2.89 kg CO\u00b2 per guest per night.<\/p>\n\n\n\n<div class=\"wp-block-buttons is-layout-flex wp-block-buttons-is-layout-flex\"><\/div>\n<\/div>\n\n\n\n<div class=\"wp-block-column col-media is-layout-flow wp-block-column-is-layout-flow\" style=\"flex-basis:45%\"><script>\n    jQuery(function($) {\n\n        var $window = $(window),\n            flexslider = {\n                vars: {}\n            };\n\n\n        $('.slider-simple').flexslider({\n            animation: \"fade\",\n            animationLoop: true,\n            controlNav: true,\n            directionNav: false,\n            prevText: \"\",\n            nextText: \"\",\n            slideshowSpeed: 8000,\n            animationSpeed: 1200,\n            touch: true,\n            slideshow: true\n        });\n\n    });\n<\/script>\n\n<div class=\"slider-simple flexslider\">\n            <ul class=\"slides\">\n                            <li class=\"slide\"><img decoding=\"async\" src=\"https:\/\/www.biyou.at\/wp-content\/uploads\/2024\/10\/biyou-ecoquartier-biofruehstueck-1000x1000.jpg\" alt=\"biyou Ecoquartier Biofru\u0308hstu\u0308ck\" width=\"1000\" height=\"1000\" loading=\"lazy\" \/><\/li>\n                    <\/ul>\n    <\/div><\/div>\n<\/div>\n<\/div>\n\n\n\n<div class=\"wp-block-group alignfull twocol-slider-text has-primary-color has-darkpink-background-color has-text-color has-background has-link-color wp-elements-350f760ab49f813bfabcd609534ae645 has-global-padding is-layout-constrained wp-block-group-is-layout-constrained\" id=\"familie\" data-aos=\"fade-up\" data-aos-duration=\"1000\">\n<div class=\"wp-block-columns alignwide is-layout-flex wp-container-core-columns-is-layout-5a9be1e3 wp-block-columns-is-layout-flex\" style=\"padding-top:0;padding-bottom:0\">\n<div class=\"wp-block-column col-media is-layout-flow wp-block-column-is-layout-flow\" style=\"flex-basis:45%\"><script>\n    jQuery(function($) {\n\n        var $window = $(window),\n            flexslider = {\n                vars: {}\n            };\n\n\n        $('.slider-simple').flexslider({\n            animation: \"fade\",\n            animationLoop: true,\n            controlNav: true,\n            directionNav: false,\n            prevText: \"\",\n            nextText: \"\",\n            slideshowSpeed: 8000,\n            animationSpeed: 1200,\n            touch: true,\n            slideshow: true\n        });\n\n    });\n<\/script>\n\n<div class=\"slider-simple flexslider\">\n            <ul class=\"slides\">\n                            <li class=\"slide\"><img decoding=\"async\" src=\"https:\/\/www.biyou.at\/wp-content\/uploads\/2024\/09\/biyou-familie-seebacher-1-1500x1500.jpg\" alt=\"biyou Familie Seebacher 1\" width=\"1500\" height=\"1500\" loading=\"lazy\" \/><\/li>\n                    <\/ul>\n    <\/div><\/div>\n\n\n\n<div class=\"wp-block-column col-text is-layout-flow wp-block-column-is-layout-flow\">\n<h3 class=\"wp-block-heading has-text-align-left has-primary-color has-text-color has-link-color has-x-large-font-size wp-elements-515bfbcfde346f5e3fe9679b309633c9\">Karin &amp; Franz Seebacher<\/h3>\n\n\n\n<p>Harmoniously united. Tradition &amp; innovation. Our Hotel biYou is a passion project for us. The decision to become an eco-hotel was made consciously and with complete conviction. As your host, a passionate yoga teacher, and a herbalist, I, Karin, love sharing my joy of yoga, slowing down, and simple, natural enjoyment with our guests. As an architect, Franz, I am particularly passionate about authenticity and naturalness, and so I ensure the continuous development of our eco-hotel. As a hobby beekeeper, I also supply the organic sweetener for the breakfast buffet. Together, we work daily on small details to become more sustainable \u2013 for ourselves as a family and for our guests.<\/p>\n\n\n\n<div class=\"wp-block-buttons is-layout-flex wp-block-buttons-is-layout-flex\"><\/div>\n<\/div>\n<\/div>\n<\/div>\n\n\n\n<div class=\"wp-block-group alignwide heading-text is-layout-flow wp-block-group-is-layout-flow\" id=\"geschichte\">\n<h1 class=\"wp-block-heading\" data-aos=\"fade\" data-aos-duration=\"1000\">History of Hotel Bergkristall.<br>How it all began\u2026 with us in Rohrmoos.<br><\/h1>\n\n\n\n<p class=\"has-text-align-left\" data-aos=\"fade\" data-aos-duration=\"1000\">The Hotel Bergkristall was founded in 1974 by our parents Roman and Ida Reiter. Both come from farming families and have created a shared holiday home with the hotel that exudes exclusivity - like a rock crystal. In addition to the hotel, they also ran the Gollingh\u00fctte at the foot of the Hochgolling in the summer.<br>Originally started as a children&#039;s and hiking hotel, it became an organic hotel with a focus on yoga and sustainability in 2014 after Karin and Franz took over. Since then, numerous measures have been implemented, such as switching to environmentally friendly heating, installing new windows and installing solar and photovoltaic systems. We support the common good economy and are involved with the #estutnichtweh association by helping guests bring the rubbish from the mountain to the valley. Karin discovered her passion for yoga while studying abroad. When she took over the hotel, she completed her yoga teacher training in India, and the teacher Yogi Madhav came with her to Austria to lead the first yoga retreats at the Biohotel Bergkristall.<\/p>\n<\/div>\n\n\n\n<div class=\"wp-block-group alignfull image-banner is-layout-flow wp-block-group-is-layout-flow\">\n<figure class=\"wp-block-image size-square\"><img loading=\"lazy\" decoding=\"async\" width=\"1000\" height=\"1000\" src=\"https:\/\/www.biyou.at\/wp-content\/uploads\/2024\/09\/biyou-familie-karin-kinder-1000x1000.jpg\" alt=\"\" class=\"wp-image-694\" style=\"aspect-ratio:1;object-fit:cover\"\/><\/figure>\n\n\n\n<figure class=\"wp-block-image size-square\"><img loading=\"lazy\" decoding=\"async\" width=\"1000\" height=\"1000\" src=\"https:\/\/www.biyou.at\/wp-content\/uploads\/2024\/08\/biyou-honig-1000x1000.jpg\" alt=\"\" class=\"wp-image-935\" style=\"aspect-ratio:1;object-fit:cover\"\/><\/figure>\n\n\n\n<figure class=\"wp-block-image size-square\"><img decoding=\"async\" src=\"https:\/\/www.biyou.at\/wp-content\/uploads\/2024\/09\/biyou-aussenansicht-berge-1000x1000.jpg\" alt=\"\" class=\"wp-image-632\" style=\"aspect-ratio:1;object-fit:cover\"\/><\/figure>\n\n\n\n<figure class=\"wp-block-image size-square\"><img loading=\"lazy\" decoding=\"async\" width=\"1000\" height=\"1000\" src=\"https:\/\/www.biyou.at\/wp-content\/uploads\/2024\/10\/biyou-idi-und-roman-2-1000x1000.jpg\" alt=\"\" class=\"wp-image-1238\" style=\"aspect-ratio:1;object-fit:cover\"\/><\/figure>\n<\/div>","protected":false},"excerpt":{"rendered":"<p>Organic and holidays. In harmony with nature. Our philosophy. Our organic hotel in Schladming. Fresh air, breathtaking mountain panoramas and much more\u2026<\/p>","protected":false},"author":1,"featured_media":0,"parent":0,"menu_order":5,"comment_status":"closed","ping_status":"closed","template":"","meta":{"_acf_changed":false,"pgc_sgb_lightbox_settings":"","footnotes":""},"class_list":["post-283","page","type-page","status-publish","hentry"],"acf":[],"yoast_head":"<!-- This site is optimized with the Yoast SEO plugin v27.2 - https:\/\/yoast.com\/product\/yoast-seo-wordpress\/ -->\n<title>biYou Urlaub im Bio Hotel in Schladming, Steiermark, \u00d6sterreich<\/title>\n<meta name=\"description\" content=\"Eco Urlaub im Bio Hotel biyou f\u00fcr Familien, Paare, Singles, Gruppen. Nachhaltiges Bio- und Yogahotel in Schladming, \u00d6sterreich.\" \/>\n<meta name=\"robots\" content=\"index, follow, max-snippet:-1, max-image-preview:large, max-video-preview:-1\" \/>\n<link rel=\"canonical\" href=\"https:\/\/www.biyou.at\/en\/hotel\/\" \/>\n<meta property=\"og:locale\" content=\"en_GB\" \/>\n<meta property=\"og:type\" content=\"article\" \/>\n<meta property=\"og:title\" content=\"biYou Urlaub im Bio Hotel in Schladming, Steiermark, \u00d6sterreich\" \/>\n<meta property=\"og:description\" content=\"Eco Urlaub im Bio Hotel biyou f\u00fcr Familien, Paare, Singles, Gruppen. Nachhaltiges Bio- und Yogahotel in Schladming, \u00d6sterreich.\" \/>\n<meta property=\"og:url\" content=\"https:\/\/www.biyou.at\/en\/hotel\/\" \/>\n<meta property=\"og:site_name\" content=\"biYou Ecoquartier\" \/>\n<meta property=\"article:modified_time\" content=\"2026-03-06T06:33:40+00:00\" \/>\n<meta property=\"og:image\" content=\"https:\/\/www.biyou.at\/wp-content\/uploads\/2024\/09\/biyou-familie-karin-kinder-1000x1000.jpg\" \/>\n<meta name=\"twitter:card\" content=\"summary_large_image\" \/>\n<meta name=\"twitter:label1\" content=\"Estimated reading time\" \/>\n\t<meta name=\"twitter:data1\" content=\"4 minutes\" \/>\n<script type=\"application\/ld+json\" class=\"yoast-schema-graph\">{\n\t    \"@context\": \"https:\/\/schema.org\",\n\t    \"@graph\": [\n\t        {\n\t            \"@type\": \"WebPage\",\n\t            \"@id\": \"https:\/\/www.biyou.at\/hotel\/\",\n\t            \"url\": \"https:\/\/www.biyou.at\/hotel\/\",\n\t            \"name\": \"biYou Urlaub im Bio Hotel in Schladming, Steiermark, \u00d6sterreich\",\n\t            \"isPartOf\": {\n\t                \"@id\": \"https:\/\/www.biyou.at\/#website\"\n\t            },\n\t            \"primaryImageOfPage\": {\n\t                \"@id\": \"https:\/\/www.biyou.at\/hotel\/#primaryimage\"\n\t            },\n\t            \"image\": {\n\t                \"@id\": \"https:\/\/www.biyou.at\/hotel\/#primaryimage\"\n\t            },\n\t            \"thumbnailUrl\": \"https:\/\/www.biyou.at\/wp-content\/uploads\/2024\/09\/biyou-familie-karin-kinder-1000x1000.jpg\",\n\t            \"datePublished\": \"2024-08-12T07:58:21+00:00\",\n\t            \"dateModified\": \"2026-03-06T06:33:40+00:00\",\n\t            \"description\": \"Eco Urlaub im Bio Hotel biyou f\u00fcr Familien, Paare, Singles, Gruppen. Nachhaltiges Bio- und Yogahotel in Schladming, \u00d6sterreich.\",\n\t            \"breadcrumb\": {\n\t                \"@id\": \"https:\/\/www.biyou.at\/hotel\/#breadcrumb\"\n\t            },\n\t            \"inLanguage\": \"en-GB\",\n\t            \"potentialAction\": [\n\t                {\n\t                    \"@type\": \"ReadAction\",\n\t                    \"target\": [\n\t                        \"https:\/\/www.biyou.at\/hotel\/\"\n\t                    ]\n\t                }\n\t            ]\n\t        },\n\t        {\n\t            \"@type\": \"ImageObject\",\n\t            \"inLanguage\": \"en-GB\",\n\t            \"@id\": \"https:\/\/www.biyou.at\/hotel\/#primaryimage\",\n\t            \"url\": \"https:\/\/www.biyou.at\/wp-content\/uploads\/2024\/09\/biyou-familie-karin-kinder-1000x1000.jpg\",\n\t            \"contentUrl\": \"https:\/\/www.biyou.at\/wp-content\/uploads\/2024\/09\/biyou-familie-karin-kinder-1000x1000.jpg\"\n\t        },\n\t        {\n\t            \"@type\": \"BreadcrumbList\",\n\t            \"@id\": \"https:\/\/www.biyou.at\/hotel\/#breadcrumb\",\n\t            \"itemListElement\": [\n\t                {\n\t                    \"@type\": \"ListItem\",\n\t                    \"position\": 1,\n\t                    \"name\": \"Home\",\n\t                    \"item\": {\n\t                        \"@id\": \"https:\/\/www.biyou.at\/\",\n\t                        \"@type\": \"WebPage\"\n\t                    }\n\t                },\n\t                {\n\t                    \"@type\": \"ListItem\",\n\t                    \"position\": 2,\n\t                    \"name\": \"Eco Urlaub\",\n\t                    \"item\": {\n\t                        \"@id\": \"https:\/\/www.biyou.at\/hotel\/\",\n\t                        \"@type\": \"WebPage\"\n\t                    }\n\t                }\n\t            ]\n\t        },\n\t        {\n\t            \"@type\": \"WebSite\",\n\t            \"@id\": \"https:\/\/www.biyou.at\/#website\",\n\t            \"url\": \"https:\/\/www.biyou.at\/\",\n\t            \"name\": \"biYou Ecoquartier\",\n\t            \"description\": \"\",\n\t            \"potentialAction\": [\n\t                {\n\t                    \"@type\": \"SearchAction\",\n\t                    \"target\": {\n\t                        \"@type\": \"EntryPoint\",\n\t                        \"urlTemplate\": \"https:\/\/www.biyou.at\/?s={search_term_string}\"\n\t                    },\n\t                    \"query-input\": {\n\t                        \"@type\": \"PropertyValueSpecification\",\n\t                        \"valueRequired\": true,\n\t                        \"valueName\": \"search_term_string\"\n\t                    }\n\t                }\n\t            ],\n\t            \"inLanguage\": \"en-GB\"\n\t        }\n\t    ]\n\t}<\/script>\n<!-- \/ Yoast SEO plugin. -->","yoast_head_json":{"title":"biYou holiday at the organic hotel in Schladming, Styria, Austria","description":"Eco-friendly holidays at the organic Hotel biyou for families, couples, singles, and groups. Sustainable organic and yoga hotel in Schladming, Austria.","robots":{"index":"index","follow":"follow","max-snippet":"max-snippet:-1","max-image-preview":"max-image-preview:large","max-video-preview":"max-video-preview:-1"},"canonical":"https:\/\/www.biyou.at\/en\/hotel\/","og_locale":"en_GB","og_type":"article","og_title":"biYou Urlaub im Bio Hotel in Schladming, Steiermark, \u00d6sterreich","og_description":"Eco Urlaub im Bio Hotel biyou f\u00fcr Familien, Paare, Singles, Gruppen. Nachhaltiges Bio- und Yogahotel in Schladming, \u00d6sterreich.","og_url":"https:\/\/www.biyou.at\/en\/hotel\/","og_site_name":"biYou Ecoquartier","article_modified_time":"2026-03-06T06:33:40+00:00","og_image":[{"url":"https:\/\/www.biyou.at\/wp-content\/uploads\/2024\/09\/biyou-familie-karin-kinder-1000x1000.jpg","type":"","width":"","height":""}],"twitter_card":"summary_large_image","twitter_misc":{"Estimated reading time":"4 minutes"},"schema":{"@context":"https:\/\/schema.org","@graph":[{"@type":"WebPage","@id":"https:\/\/www.biyou.at\/hotel\/","url":"https:\/\/www.biyou.at\/hotel\/","name":"biYou holiday at the organic hotel in Schladming, Styria, Austria","isPartOf":{"@id":"https:\/\/www.biyou.at\/#website"},"primaryImageOfPage":{"@id":"https:\/\/www.biyou.at\/hotel\/#primaryimage"},"image":{"@id":"https:\/\/www.biyou.at\/hotel\/#primaryimage"},"thumbnailUrl":"https:\/\/www.biyou.at\/wp-content\/uploads\/2024\/09\/biyou-familie-karin-kinder-1000x1000.jpg","datePublished":"2024-08-12T07:58:21+00:00","dateModified":"2026-03-06T06:33:40+00:00","description":"Eco-friendly holidays at the organic Hotel biyou for families, couples, singles, and groups. Sustainable organic and yoga hotel in Schladming, Austria.","breadcrumb":{"@id":"https:\/\/www.biyou.at\/hotel\/#breadcrumb"},"inLanguage":"en-GB","potentialAction":[{"@type":"ReadAction","target":["https:\/\/www.biyou.at\/hotel\/"]}]},{"@type":"ImageObject","inLanguage":"en-GB","@id":"https:\/\/www.biyou.at\/hotel\/#primaryimage","url":"https:\/\/www.biyou.at\/wp-content\/uploads\/2024\/09\/biyou-familie-karin-kinder-1000x1000.jpg","contentUrl":"https:\/\/www.biyou.at\/wp-content\/uploads\/2024\/09\/biyou-familie-karin-kinder-1000x1000.jpg"},{"@type":"BreadcrumbList","@id":"https:\/\/www.biyou.at\/hotel\/#breadcrumb","itemListElement":[{"@type":"ListItem","position":1,"name":"Home","item":{"@id":"https:\/\/www.biyou.at\/","@type":"WebPage"}},{"@type":"ListItem","position":2,"name":"Eco Urlaub","item":{"@id":"https:\/\/www.biyou.at\/hotel\/","@type":"WebPage"}}]},{"@type":"WebSite","@id":"https:\/\/www.biyou.at\/#website","url":"https:\/\/www.biyou.at\/","name":"biYou Ecoquartier","description":"","potentialAction":[{"@type":"SearchAction","target":{"@type":"EntryPoint","urlTemplate":"https:\/\/www.biyou.at\/?s={search_term_string}"},"query-input":{"@type":"PropertyValueSpecification","valueRequired":true,"valueName":"search_term_string"}}],"inLanguage":"en-GB"}]}},"_links":{"self":[{"href":"https:\/\/www.biyou.at\/en\/wp-json\/wp\/v2\/pages\/283","targetHints":{"allow":["GET"]}}],"collection":[{"href":"https:\/\/www.biyou.at\/en\/wp-json\/wp\/v2\/pages"}],"about":[{"href":"https:\/\/www.biyou.at\/en\/wp-json\/wp\/v2\/types\/page"}],"author":[{"embeddable":true,"href":"https:\/\/www.biyou.at\/en\/wp-json\/wp\/v2\/users\/1"}],"replies":[{"embeddable":true,"href":"https:\/\/www.biyou.at\/en\/wp-json\/wp\/v2\/comments?post=283"}],"version-history":[{"count":7,"href":"https:\/\/www.biyou.at\/en\/wp-json\/wp\/v2\/pages\/283\/revisions"}],"predecessor-version":[{"id":2309,"href":"https:\/\/www.biyou.at\/en\/wp-json\/wp\/v2\/pages\/283\/revisions\/2309"}],"wp:attachment":[{"href":"https:\/\/www.biyou.at\/en\/wp-json\/wp\/v2\/media?parent=283"}],"curies":[{"name":"wp","href":"https:\/\/api.w.org\/{rel}","templated":true}]}}