{"id":328,"date":"2024-08-12T10:07:08","date_gmt":"2024-08-12T08:07:08","guid":{"rendered":"https:\/\/www.biyou.at\/?page_id=328"},"modified":"2026-03-16T08:39:44","modified_gmt":"2026-03-16T07:39:44","slug":"herbsturlaub","status":"publish","type":"page","link":"https:\/\/www.biyou.at\/en\/aktivurlaub\/herbsturlaub\/","title":{"rendered":"Autumn"},"content":{"rendered":"<div class=\"wp-block-group alignwide heading-text is-layout-flow wp-block-group-is-layout-flow\">\n<h1 class=\"wp-block-heading\" data-aos=\"fade\" data-aos-duration=\"1000\">Autumn holiday in Schladming.<br>Extend the summer.<\/h1>\n\n\n\n<p class=\"has-text-align-left\" data-aos=\"fade\" data-aos-duration=\"1000\">In autumn, nature in our Schladming-Dachstein region reveals its most beautiful side. The breathtaking play of colors in the forests and the clear views of the surrounding Schladminger Tauern mountains create the perfect backdrop for hikes, bike tours, and yoga sessions in nature. Extend your summer and let yourself be enchanted by the golden autumn atmosphere. We have the perfect offers for you. Tip: Be sure to stop at one of the mountain huts. Culinary highlights await you, especially in autumn. And best of all, the Schladming-Dachstein Card is valid until the beginning of November.<\/p>\n<\/div>\n\n\n\n<div class=\"wp-block-cover alignfull is-light\"><img loading=\"lazy\" decoding=\"async\" width=\"1920\" height=\"1022\" class=\"wp-block-cover__image-background wp-image-27\" alt=\"\" src=\"https:\/\/www.biyou.at\/wp-content\/uploads\/2024\/07\/hintergrundspruchzitat1.png\" data-object-fit=\"cover\" srcset=\"https:\/\/www.biyou.at\/wp-content\/uploads\/2024\/07\/hintergrundspruchzitat1.png 1920w, https:\/\/www.biyou.at\/wp-content\/uploads\/2024\/07\/hintergrundspruchzitat1-300x160.png 300w, https:\/\/www.biyou.at\/wp-content\/uploads\/2024\/07\/hintergrundspruchzitat1-768x409.png 768w, https:\/\/www.biyou.at\/wp-content\/uploads\/2024\/07\/hintergrundspruchzitat1-1024x545.png 1024w, https:\/\/www.biyou.at\/wp-content\/uploads\/2024\/07\/hintergrundspruchzitat1-1536x818.png 1536w, https:\/\/www.biyou.at\/wp-content\/uploads\/2024\/07\/hintergrundspruchzitat1-18x10.png 18w\" sizes=\"auto, (max-width: 1920px) 100vw, 1920px\" \/><span aria-hidden=\"true\" class=\"wp-block-cover__background has-background-dim\" style=\"background-color:#d1a991\"><\/span><div class=\"wp-block-cover__inner-container has-global-padding is-layout-constrained wp-block-cover-is-layout-constrained\">\n<blockquote class=\"wp-block-quote is-layout-flow wp-block-quote-is-layout-flow\">\n<p data-aos=\"fade\" data-aos-duration=\"1000\">Clear visibility<br>Perfect hiking &amp; biking time<br>unforgettable Alpine cuisine<br>Indian Summer \u00e0 la Austria <br>Inclusive Card Autumn to November<br>sauna for regeneration<br>Yoga &amp; Meditation<br><\/p>\n<\/blockquote>\n<\/div><\/div>\n\n\n\n<p><\/p>\n\n\n\n<div class=\"wp-block-group alignfull twocol-slider-text has-primary-color has-orange-background-color has-text-color has-background has-link-color wp-elements-fe04650dae217e50ad93817f23eb3c10 has-global-padding is-layout-constrained wp-block-group-is-layout-constrained\" data-aos=\"fade-up\" data-aos-duration=\"1000\">\n<div class=\"wp-block-columns alignwide is-layout-flex wp-container-core-columns-is-layout-5a9be1e3 wp-block-columns-is-layout-flex\" style=\"padding-top:0;padding-bottom:0\">\n<div class=\"wp-block-column col-text is-layout-flow wp-block-column-is-layout-flow\">\n<h3 class=\"wp-block-heading has-text-align-left has-x-large-font-size\">Many things included.<\/h3>\n\n\n\n<p>The Autumn Card opens all doors for an unforgettable holiday and varied autumn holidays in the Schladming-Dachstein region. It offers you free or reduced access to numerous leisure activities, from relaxation and nature to art and culture, special children&#039;s offers and rides on the mountain railways. Thanks to the included public transport, you can get around comfortably and sustainably. You will receive the Autumn Card with your holiday in the Ecoquartier biYou if you stay at least one night. Younger guests naturally receive their own KidsCard. <\/p>\n<\/div>\n\n\n\n<div class=\"wp-block-column col-media is-layout-flow wp-block-column-is-layout-flow\" style=\"flex-basis:45%\"><script>\n    jQuery(function($) {\n\n        var $window = $(window),\n            flexslider = {\n                vars: {}\n            };\n\n\n        $('.slider-simple').flexslider({\n            animation: \"fade\",\n            animationLoop: true,\n            controlNav: true,\n            directionNav: false,\n            prevText: \"\",\n            nextText: \"\",\n            slideshowSpeed: 8000,\n            animationSpeed: 1200,\n            touch: true,\n            slideshow: true\n        });\n\n    });\n<\/script>\n\n<div class=\"slider-simple flexslider\">\n            <ul class=\"slides\">\n                            <li class=\"slide\"><img decoding=\"async\" src=\"https:\/\/www.biyou.at\/wp-content\/uploads\/2024\/08\/wandern-1000x1000.jpg\" alt=\"wandern\" width=\"1000\" height=\"1000\" loading=\"lazy\" \/><\/li>\n                    <\/ul>\n    <\/div><\/div>\n<\/div>\n<\/div>\n\n\n\n<p><\/p>\n\n\n\n<div class=\"wp-block-group alignwide packages-title is-layout-flow wp-block-group-is-layout-flow\">\n<h2 class=\"wp-block-heading\">Offers<br>for your autumn vacation<\/h2>\n\n\n    <div data-aos-duration=\"1000\" data-aos=\"fade-up\" class=\"alignwide packages-wrapper\">\n        <div class=\"packages-wrapper-inner\">\n                            <div class=\"package\">\n                    <a class=\"image-wrap\" href=\"https:\/\/www.biyou.at\/en\/packages\/om-am-berg\/\">\n                        <img decoding=\"async\" src=\"https:\/\/s10.hotellogin.cloud\/customer\/bergkristall\/app\/web\/upload\/medium\/37_5f9af06d73d56161e72e11b878b91e22.jpg\" loading=\"lazy\">\n                    <\/a>\n                    <h3 class=\"package-title\">\n                        <a href=\"https:\/\/www.biyou.at\/en\/packages\/om-am-berg\/\">\n                            OM am Berg                        <\/a>\n                    <\/h3>\n                    <div class=\"package-dates\">\n                        17.-31.05.2026 | 07.-14.06.2026 | 28.06.-12.07.2026 | 18.07.-08.08.2026 | 22.-29.08.2026 | 13.09.-04.10.2026                    <\/div>\n                    <p class=\"excerpt\"> \u2013 your yoga retreat in the Alps. Relaxed vibes, outdoor yoga, sound meditations, and pure nature await you. Ideal for letting go and reconnecting with yourself.<br \/><br \/><strong>From \u20ac 1,155 per person<\/strong><\/p>\n                                        <div class=\"buttons wp-block-buttons is-layout-flex wp-block-buttons-is-layout-flex\">\n                        <div class=\"wp-block-button\">\n                            <a class=\"wp-block-button__link\" href=\"https:\/\/www.biyou.at\/en\/packages\/om-am-berg\/\">details<\/a>\n                        <\/div>\n                        <div class=\"wp-block-button is-style-outline is-style-outline--069e686d91eb5d65fdd9513311e02685\">\n                            <a class=\"wp-block-button__link\" href=\"https:\/\/www.biyou.at\/en\/buchung\/?server=s10&#038;hotel=bergkristall&#038;package=37&#038;date_from=2026-05-17&#038;date_to=2026-05-24&#038;locale=3\">book<\/a>\n                        <\/div>\n                    <\/div>\n                <\/div>\n                    <\/div>\n    <\/div>\n\n\n\n<div class=\"wp-block-buttons alignwide is-content-justification-center is-layout-flex wp-container-core-buttons-is-layout-a89b3969 wp-block-buttons-is-layout-flex\">\n<div class=\"wp-block-button is-style-text\"><a class=\"wp-block-button__link has-text-align-center wp-element-button\" href=\"https:\/\/www.biyou.at\/en\/hotel\/angebote\/\">All Offers<\/a><\/div>\n<\/div>\n<\/div>\n\n\n\n<p><\/p>\n\n\n\n<div class=\"wp-block-group alignfull image-banner is-layout-flow wp-block-group-is-layout-flow\">\n<figure class=\"wp-block-image size-square\"><img loading=\"lazy\" decoding=\"async\" width=\"1000\" height=\"1000\" src=\"https:\/\/www.biyou.at\/wp-content\/uploads\/2024\/10\/biyou-wellness-sauna-2-1000x1000.jpg\" alt=\"\" class=\"wp-image-1017\" style=\"aspect-ratio:1;object-fit:cover\"\/><\/figure>\n\n\n\n<figure class=\"wp-block-image size-square\"><img decoding=\"async\" src=\"https:\/\/www.biyou.at\/wp-content\/uploads\/2024\/09\/biyou-cabins-abenddaemmerung-1000x1000.jpg\" alt=\"\" class=\"wp-image-636\" style=\"aspect-ratio:1;object-fit:cover\"\/><\/figure>\n\n\n\n<figure class=\"wp-block-image size-square\"><img loading=\"lazy\" decoding=\"async\" width=\"1000\" height=\"1000\" src=\"https:\/\/www.biyou.at\/wp-content\/uploads\/2024\/10\/biyou-wanderherbst-1000x1000.jpg\" alt=\"\" class=\"wp-image-1033\" style=\"aspect-ratio:1;object-fit:cover\"\/><\/figure>\n\n\n\n<figure class=\"wp-block-image size-square\"><img loading=\"lazy\" decoding=\"async\" width=\"1000\" height=\"1000\" src=\"https:\/\/www.biyou.at\/wp-content\/uploads\/2024\/09\/biyou-cabin-terrasse-relax-1000x1000.jpg\" alt=\"\" class=\"wp-image-660\" style=\"aspect-ratio:1;object-fit:cover\"\/><\/figure>\n<\/div>\n\n\n\n<p><\/p>","protected":false},"excerpt":{"rendered":"<p>Holiday in Schladming. Extend your summer. In the Schladming-Dachstein region, nature reveals itself at its most beautiful\u2026<\/p>","protected":false},"author":1,"featured_media":0,"parent":321,"menu_order":13,"comment_status":"closed","ping_status":"closed","template":"","meta":{"_acf_changed":false,"pgc_sgb_lightbox_settings":"","footnotes":""},"class_list":["post-328","page","type-page","status-publish","hentry"],"acf":[],"yoast_head":"<!-- This site is optimized with the Yoast SEO plugin v27.2 - https:\/\/yoast.com\/product\/yoast-seo-wordpress\/ -->\n<title>Herbst - biYou Ecoquartier<\/title>\n<meta name=\"description\" content=\"Herbst im biYou Ecoquartier in den Bergen von Schladming, \u00d6sterreich f\u00fcr die ganze Familie mit Wandern, Biken, Inklusiv Card, Aktivit\u00e4ten.\" \/>\n<meta name=\"robots\" content=\"index, follow, max-snippet:-1, max-image-preview:large, max-video-preview:-1\" \/>\n<link rel=\"canonical\" href=\"https:\/\/www.biyou.at\/en\/aktivurlaub\/herbsturlaub\/\" \/>\n<meta property=\"og:locale\" content=\"en_GB\" \/>\n<meta property=\"og:type\" content=\"article\" \/>\n<meta property=\"og:title\" content=\"Herbst - biYou Ecoquartier\" \/>\n<meta property=\"og:description\" content=\"Herbst im biYou Ecoquartier in den Bergen von Schladming, \u00d6sterreich f\u00fcr die ganze Familie mit Wandern, Biken, Inklusiv Card, Aktivit\u00e4ten.\" \/>\n<meta property=\"og:url\" content=\"https:\/\/www.biyou.at\/en\/aktivurlaub\/herbsturlaub\/\" \/>\n<meta property=\"og:site_name\" content=\"biYou Ecoquartier\" \/>\n<meta property=\"article:modified_time\" content=\"2026-03-16T07:39:44+00:00\" \/>\n<meta property=\"og:image\" content=\"https:\/\/www.biyou.at\/wp-content\/uploads\/2024\/07\/hintergrundspruchzitat1.png\" \/>\n\t<meta property=\"og:image:width\" content=\"1920\" \/>\n\t<meta property=\"og:image:height\" content=\"1022\" \/>\n\t<meta property=\"og:image:type\" content=\"image\/png\" \/>\n<meta name=\"twitter:card\" content=\"summary_large_image\" \/>\n<meta name=\"twitter:label1\" content=\"Estimated reading time\" \/>\n\t<meta name=\"twitter:data1\" content=\"2 minutes\" \/>\n<script type=\"application\/ld+json\" class=\"yoast-schema-graph\">{\n\t    \"@context\": \"https:\/\/schema.org\",\n\t    \"@graph\": [\n\t        {\n\t            \"@type\": \"WebPage\",\n\t            \"@id\": \"https:\/\/www.biyou.at\/aktivurlaub\/herbsturlaub\/\",\n\t            \"url\": \"https:\/\/www.biyou.at\/aktivurlaub\/herbsturlaub\/\",\n\t            \"name\": \"Herbst - biYou Ecoquartier\",\n\t            \"isPartOf\": {\n\t                \"@id\": \"https:\/\/www.biyou.at\/#website\"\n\t            },\n\t            \"primaryImageOfPage\": {\n\t                \"@id\": \"https:\/\/www.biyou.at\/aktivurlaub\/herbsturlaub\/#primaryimage\"\n\t            },\n\t            \"image\": {\n\t                \"@id\": \"https:\/\/www.biyou.at\/aktivurlaub\/herbsturlaub\/#primaryimage\"\n\t            },\n\t            \"thumbnailUrl\": \"https:\/\/www.biyou.at\/wp-content\/uploads\/2024\/07\/hintergrundspruchzitat1.png\",\n\t            \"datePublished\": \"2024-08-12T08:07:08+00:00\",\n\t            \"dateModified\": \"2026-03-16T07:39:44+00:00\",\n\t            \"description\": \"Herbst im biYou Ecoquartier in den Bergen von Schladming, \u00d6sterreich f\u00fcr die ganze Familie mit Wandern, Biken, Inklusiv Card, Aktivit\u00e4ten.\",\n\t            \"breadcrumb\": {\n\t                \"@id\": \"https:\/\/www.biyou.at\/aktivurlaub\/herbsturlaub\/#breadcrumb\"\n\t            },\n\t            \"inLanguage\": \"en-GB\",\n\t            \"potentialAction\": [\n\t                {\n\t                    \"@type\": \"ReadAction\",\n\t                    \"target\": [\n\t                        \"https:\/\/www.biyou.at\/aktivurlaub\/herbsturlaub\/\"\n\t                    ]\n\t                }\n\t            ]\n\t        },\n\t        {\n\t            \"@type\": \"ImageObject\",\n\t            \"inLanguage\": \"en-GB\",\n\t            \"@id\": \"https:\/\/www.biyou.at\/aktivurlaub\/herbsturlaub\/#primaryimage\",\n\t            \"url\": \"https:\/\/www.biyou.at\/wp-content\/uploads\/2024\/07\/hintergrundspruchzitat1.png\",\n\t            \"contentUrl\": \"https:\/\/www.biyou.at\/wp-content\/uploads\/2024\/07\/hintergrundspruchzitat1.png\"\n\t        },\n\t        {\n\t            \"@type\": \"BreadcrumbList\",\n\t            \"@id\": \"https:\/\/www.biyou.at\/aktivurlaub\/herbsturlaub\/#breadcrumb\",\n\t            \"itemListElement\": [\n\t                {\n\t                    \"@type\": \"ListItem\",\n\t                    \"position\": 1,\n\t                    \"name\": \"Home\",\n\t                    \"item\": {\n\t                        \"@id\": \"https:\/\/www.biyou.at\/\",\n\t                        \"@type\": \"WebPage\"\n\t                    }\n\t                },\n\t                {\n\t                    \"@type\": \"ListItem\",\n\t                    \"position\": 2,\n\t                    \"name\": \"Aktiv\",\n\t                    \"item\": {\n\t                        \"@id\": \"https:\/\/www.biyou.at\/aktivurlaub\/\",\n\t                        \"@type\": \"WebPage\"\n\t                    }\n\t                },\n\t                {\n\t                    \"@type\": \"ListItem\",\n\t                    \"position\": 3,\n\t                    \"name\": \"Herbst\",\n\t                    \"item\": {\n\t                        \"@id\": \"https:\/\/www.biyou.at\/aktivurlaub\/herbsturlaub\/\",\n\t                        \"@type\": \"WebPage\"\n\t                    }\n\t                }\n\t            ]\n\t        },\n\t        {\n\t            \"@type\": \"WebSite\",\n\t            \"@id\": \"https:\/\/www.biyou.at\/#website\",\n\t            \"url\": \"https:\/\/www.biyou.at\/\",\n\t            \"name\": \"biYou Ecoquartier\",\n\t            \"description\": \"\",\n\t            \"potentialAction\": [\n\t                {\n\t                    \"@type\": \"SearchAction\",\n\t                    \"target\": {\n\t                        \"@type\": \"EntryPoint\",\n\t                        \"urlTemplate\": \"https:\/\/www.biyou.at\/?s={search_term_string}\"\n\t                    },\n\t                    \"query-input\": {\n\t                        \"@type\": \"PropertyValueSpecification\",\n\t                        \"valueRequired\": true,\n\t                        \"valueName\": \"search_term_string\"\n\t                    }\n\t                }\n\t            ],\n\t            \"inLanguage\": \"en-GB\"\n\t        }\n\t    ]\n\t}<\/script>\n<!-- \/ Yoast SEO plugin. -->","yoast_head_json":{"title":"Autumn - biYou Ecoquartier","description":"Autumn in the biYou Ecoquartier in the mountains of Schladming, Austria for the whole family with hiking, biking, inclusive card, activities.","robots":{"index":"index","follow":"follow","max-snippet":"max-snippet:-1","max-image-preview":"max-image-preview:large","max-video-preview":"max-video-preview:-1"},"canonical":"https:\/\/www.biyou.at\/en\/aktivurlaub\/herbsturlaub\/","og_locale":"en_GB","og_type":"article","og_title":"Herbst - biYou Ecoquartier","og_description":"Herbst im biYou Ecoquartier in den Bergen von Schladming, \u00d6sterreich f\u00fcr die ganze Familie mit Wandern, Biken, Inklusiv Card, Aktivit\u00e4ten.","og_url":"https:\/\/www.biyou.at\/en\/aktivurlaub\/herbsturlaub\/","og_site_name":"biYou Ecoquartier","article_modified_time":"2026-03-16T07:39:44+00:00","og_image":[{"width":1920,"height":1022,"url":"https:\/\/www.biyou.at\/wp-content\/uploads\/2024\/07\/hintergrundspruchzitat1.png","type":"image\/png"}],"twitter_card":"summary_large_image","twitter_misc":{"Estimated reading time":"2 minutes"},"schema":{"@context":"https:\/\/schema.org","@graph":[{"@type":"WebPage","@id":"https:\/\/www.biyou.at\/aktivurlaub\/herbsturlaub\/","url":"https:\/\/www.biyou.at\/aktivurlaub\/herbsturlaub\/","name":"Autumn - biYou Ecoquartier","isPartOf":{"@id":"https:\/\/www.biyou.at\/#website"},"primaryImageOfPage":{"@id":"https:\/\/www.biyou.at\/aktivurlaub\/herbsturlaub\/#primaryimage"},"image":{"@id":"https:\/\/www.biyou.at\/aktivurlaub\/herbsturlaub\/#primaryimage"},"thumbnailUrl":"https:\/\/www.biyou.at\/wp-content\/uploads\/2024\/07\/hintergrundspruchzitat1.png","datePublished":"2024-08-12T08:07:08+00:00","dateModified":"2026-03-16T07:39:44+00:00","description":"Autumn in the biYou Ecoquartier in the mountains of Schladming, Austria for the whole family with hiking, biking, inclusive card, activities.","breadcrumb":{"@id":"https:\/\/www.biyou.at\/aktivurlaub\/herbsturlaub\/#breadcrumb"},"inLanguage":"en-GB","potentialAction":[{"@type":"ReadAction","target":["https:\/\/www.biyou.at\/aktivurlaub\/herbsturlaub\/"]}]},{"@type":"ImageObject","inLanguage":"en-GB","@id":"https:\/\/www.biyou.at\/aktivurlaub\/herbsturlaub\/#primaryimage","url":"https:\/\/www.biyou.at\/wp-content\/uploads\/2024\/07\/hintergrundspruchzitat1.png","contentUrl":"https:\/\/www.biyou.at\/wp-content\/uploads\/2024\/07\/hintergrundspruchzitat1.png"},{"@type":"BreadcrumbList","@id":"https:\/\/www.biyou.at\/aktivurlaub\/herbsturlaub\/#breadcrumb","itemListElement":[{"@type":"ListItem","position":1,"name":"Home","item":{"@id":"https:\/\/www.biyou.at\/","@type":"WebPage"}},{"@type":"ListItem","position":2,"name":"Aktiv","item":{"@id":"https:\/\/www.biyou.at\/aktivurlaub\/","@type":"WebPage"}},{"@type":"ListItem","position":3,"name":"Herbst","item":{"@id":"https:\/\/www.biyou.at\/aktivurlaub\/herbsturlaub\/","@type":"WebPage"}}]},{"@type":"WebSite","@id":"https:\/\/www.biyou.at\/#website","url":"https:\/\/www.biyou.at\/","name":"biYou Ecoquartier","description":"","potentialAction":[{"@type":"SearchAction","target":{"@type":"EntryPoint","urlTemplate":"https:\/\/www.biyou.at\/?s={search_term_string}"},"query-input":{"@type":"PropertyValueSpecification","valueRequired":true,"valueName":"search_term_string"}}],"inLanguage":"en-GB"}]}},"_links":{"self":[{"href":"https:\/\/www.biyou.at\/en\/wp-json\/wp\/v2\/pages\/328","targetHints":{"allow":["GET"]}}],"collection":[{"href":"https:\/\/www.biyou.at\/en\/wp-json\/wp\/v2\/pages"}],"about":[{"href":"https:\/\/www.biyou.at\/en\/wp-json\/wp\/v2\/types\/page"}],"author":[{"embeddable":true,"href":"https:\/\/www.biyou.at\/en\/wp-json\/wp\/v2\/users\/1"}],"replies":[{"embeddable":true,"href":"https:\/\/www.biyou.at\/en\/wp-json\/wp\/v2\/comments?post=328"}],"version-history":[{"count":2,"href":"https:\/\/www.biyou.at\/en\/wp-json\/wp\/v2\/pages\/328\/revisions"}],"predecessor-version":[{"id":2328,"href":"https:\/\/www.biyou.at\/en\/wp-json\/wp\/v2\/pages\/328\/revisions\/2328"}],"up":[{"embeddable":true,"href":"https:\/\/www.biyou.at\/en\/wp-json\/wp\/v2\/pages\/321"}],"wp:attachment":[{"href":"https:\/\/www.biyou.at\/en\/wp-json\/wp\/v2\/media?parent=328"}],"curies":[{"name":"wp","href":"https:\/\/api.w.org\/{rel}","templated":true}]}}